{"id":3476,"date":"2023-09-11T13:55:01","date_gmt":"2023-09-11T13:55:01","guid":{"rendered":"https:\/\/staging.cosevane.com\/?post_type=product&#038;p=3476"},"modified":"2025-01-21T20:39:16","modified_gmt":"2025-01-21T19:39:16","slug":"anello-underwater-pesce-azzurro","status":"publish","type":"product","link":"https:\/\/www.cosevane.com\/en\/prodotto\/anello-underwater-pesce-azzurro\/","title":{"rendered":"Anello Underwater pesce azzurro"},"content":{"rendered":"<p>La forma dell&#8217; anello scultura\u00a0 \u00e8 rotondeggiante, sinuosa, le linee sono curve sulla mano, il contrasto tra il bronzo materico e l&#8217;azzurro brillante e\u00a0 luminoso dato dalla resina incastonata alla sommit\u00e0 dell&#8217;anello crea un forte contrasto, il colore fa da sfondo al piccolo sigillo dell&#8217;adorabile pesce in ottone che sembra nuotare serenamente tra le onde del mare.<\/p>\n","protected":false},"excerpt":{"rendered":"<p>La forma dell&#8217;anello scultura \u00e8 rotondeggiante, sinuosa, il contrasto del bronzo picchiettato in superfice crea delle ombre leggere che danno profondit\u00e0 alla fascia, alla sommit\u00e0 dell&#8217;anello il castone racchiude la resina colorata azzurro intenso e luminosa, poggiato sopra il piccolo sigillo pesce in ottone spicca e sembra nuotare leggero.<\/p>\n<p>Materiale: bronzo, resina epossidica, ottone.<\/p>\n<p>Misure: altezza 25mm larghezza del castone 18x13mm<\/p>\n","protected":false},"featured_media":3477,"comment_status":"closed","ping_status":"closed","template":"","meta":{"_acf_changed":false},"product_brand":[],"product_cat":[125,16],"product_tag":[29,143,21,34,113,171],"class_list":{"0":"post-3476","1":"product","2":"type-product","3":"status-publish","4":"has-post-thumbnail","6":"product_cat-underwater","7":"product_cat-anelli","8":"product_tag-anello","9":"product_tag-anello-cosevane","10":"product_tag-bronzo","11":"product_tag-cosevane","12":"product_tag-fatto_a_mano","13":"product_tag-underwater","15":"first","16":"outofstock","17":"shipping-taxable","18":"purchasable","19":"product-type-variable"},"acf":[],"yoast_head":"<!-- This site is optimized with the Yoast SEO plugin v25.6 - https:\/\/yoast.com\/wordpress\/plugins\/seo\/ -->\n<title>Anello Underwater pesce azzurro - Cosevane<\/title>\n<meta name=\"robots\" content=\"index, follow, max-snippet:-1, max-image-preview:large, max-video-preview:-1\" \/>\n<link rel=\"canonical\" href=\"https:\/\/www.cosevane.com\/en\/prodotto\/anello-underwater-pesce-azzurro\/\" \/>\n<meta property=\"og:locale\" content=\"en_US\" \/>\n<meta property=\"og:type\" content=\"article\" \/>\n<meta property=\"og:title\" content=\"Anello Underwater pesce azzurro - Cosevane\" \/>\n<meta property=\"og:description\" content=\"La forma dell&#039;anello scultura \u00e8 rotondeggiante, sinuosa, il contrasto del bronzo picchiettato in superfice crea delle ombre leggere che danno profondit\u00e0 alla fascia, alla sommit\u00e0 dell&#039;anello il castone racchiude la resina colorata azzurro intenso e luminosa, poggiato sopra il piccolo sigillo pesce in ottone spicca e sembra nuotare leggero.  Materiale: bronzo, resina epossidica, ottone.  Misure: altezza 25mm larghezza del castone 18x13mm\" \/>\n<meta property=\"og:url\" content=\"https:\/\/www.cosevane.com\/en\/prodotto\/anello-underwater-pesce-azzurro\/\" \/>\n<meta property=\"og:site_name\" content=\"Cosevane\" \/>\n<meta property=\"article:modified_time\" content=\"2025-01-21T19:39:16+00:00\" \/>\n<meta property=\"og:image\" content=\"https:\/\/www.cosevane.com\/wp-content\/uploads\/2023\/09\/IMG_21552145-scaled.jpg\" \/>\n\t<meta property=\"og:image:width\" content=\"2560\" \/>\n\t<meta property=\"og:image:height\" content=\"2560\" \/>\n\t<meta property=\"og:image:type\" content=\"image\/jpeg\" \/>\n<meta name=\"twitter:card\" content=\"summary_large_image\" \/>\n<meta name=\"twitter:label1\" content=\"Est. reading time\" \/>\n\t<meta name=\"twitter:data1\" content=\"1 minute\" \/>\n<script type=\"application\/ld+json\" class=\"yoast-schema-graph\">{\"@context\":\"https:\/\/schema.org\",\"@graph\":[{\"@type\":\"WebPage\",\"@id\":\"https:\/\/www.cosevane.com\/en\/prodotto\/anello-underwater-pesce-azzurro\/\",\"url\":\"https:\/\/www.cosevane.com\/en\/prodotto\/anello-underwater-pesce-azzurro\/\",\"name\":\"Anello Underwater pesce azzurro - Cosevane\",\"isPartOf\":{\"@id\":\"https:\/\/www.cosevane.com\/en\/#website\"},\"primaryImageOfPage\":{\"@id\":\"https:\/\/www.cosevane.com\/en\/prodotto\/anello-underwater-pesce-azzurro\/#primaryimage\"},\"image\":{\"@id\":\"https:\/\/www.cosevane.com\/en\/prodotto\/anello-underwater-pesce-azzurro\/#primaryimage\"},\"thumbnailUrl\":\"https:\/\/www.cosevane.com\/wp-content\/uploads\/2023\/09\/IMG_21552145-scaled.jpg\",\"datePublished\":\"2023-09-11T13:55:01+00:00\",\"dateModified\":\"2025-01-21T19:39:16+00:00\",\"breadcrumb\":{\"@id\":\"https:\/\/www.cosevane.com\/en\/prodotto\/anello-underwater-pesce-azzurro\/#breadcrumb\"},\"inLanguage\":\"en-US\",\"potentialAction\":[{\"@type\":\"ReadAction\",\"target\":[\"https:\/\/www.cosevane.com\/en\/prodotto\/anello-underwater-pesce-azzurro\/\"]}]},{\"@type\":\"ImageObject\",\"inLanguage\":\"en-US\",\"@id\":\"https:\/\/www.cosevane.com\/en\/prodotto\/anello-underwater-pesce-azzurro\/#primaryimage\",\"url\":\"https:\/\/www.cosevane.com\/wp-content\/uploads\/2023\/09\/IMG_21552145-scaled.jpg\",\"contentUrl\":\"https:\/\/www.cosevane.com\/wp-content\/uploads\/2023\/09\/IMG_21552145-scaled.jpg\",\"width\":2560,\"height\":2560},{\"@type\":\"BreadcrumbList\",\"@id\":\"https:\/\/www.cosevane.com\/en\/prodotto\/anello-underwater-pesce-azzurro\/#breadcrumb\",\"itemListElement\":[{\"@type\":\"ListItem\",\"position\":1,\"name\":\"Home\",\"item\":\"https:\/\/www.cosevane.com\/en\/\"},{\"@type\":\"ListItem\",\"position\":2,\"name\":\"Shop\",\"item\":\"https:\/\/www.cosevane.com\/en\/shop\/\"},{\"@type\":\"ListItem\",\"position\":3,\"name\":\"Anello Underwater pesce azzurro\"}]},{\"@type\":\"WebSite\",\"@id\":\"https:\/\/www.cosevane.com\/en\/#website\",\"url\":\"https:\/\/www.cosevane.com\/en\/\",\"name\":\"Cosevane\",\"description\":\"\",\"publisher\":{\"@id\":\"https:\/\/www.cosevane.com\/en\/#organization\"},\"potentialAction\":[{\"@type\":\"SearchAction\",\"target\":{\"@type\":\"EntryPoint\",\"urlTemplate\":\"https:\/\/www.cosevane.com\/en\/?s={search_term_string}\"},\"query-input\":{\"@type\":\"PropertyValueSpecification\",\"valueRequired\":true,\"valueName\":\"search_term_string\"}}],\"inLanguage\":\"en-US\"},{\"@type\":\"Organization\",\"@id\":\"https:\/\/www.cosevane.com\/en\/#organization\",\"name\":\"Cosevane\",\"url\":\"https:\/\/www.cosevane.com\/en\/\",\"logo\":{\"@type\":\"ImageObject\",\"inLanguage\":\"en-US\",\"@id\":\"https:\/\/www.cosevane.com\/en\/#\/schema\/logo\/image\/\",\"url\":\"https:\/\/www.cosevane.com\/wp-content\/uploads\/2023\/07\/LogoNewCoseVane-1.png\",\"contentUrl\":\"https:\/\/www.cosevane.com\/wp-content\/uploads\/2023\/07\/LogoNewCoseVane-1.png\",\"width\":500,\"height\":201,\"caption\":\"Cosevane\"},\"image\":{\"@id\":\"https:\/\/www.cosevane.com\/en\/#\/schema\/logo\/image\/\"}}]}<\/script>\n<!-- \/ Yoast SEO plugin. -->","yoast_head_json":{"title":"Anello Underwater pesce azzurro - Cosevane","robots":{"index":"index","follow":"follow","max-snippet":"max-snippet:-1","max-image-preview":"max-image-preview:large","max-video-preview":"max-video-preview:-1"},"canonical":"https:\/\/www.cosevane.com\/en\/prodotto\/anello-underwater-pesce-azzurro\/","og_locale":"en_US","og_type":"article","og_title":"Anello Underwater pesce azzurro - Cosevane","og_description":"La forma dell'anello scultura \u00e8 rotondeggiante, sinuosa, il contrasto del bronzo picchiettato in superfice crea delle ombre leggere che danno profondit\u00e0 alla fascia, alla sommit\u00e0 dell'anello il castone racchiude la resina colorata azzurro intenso e luminosa, poggiato sopra il piccolo sigillo pesce in ottone spicca e sembra nuotare leggero.  Materiale: bronzo, resina epossidica, ottone.  Misure: altezza 25mm larghezza del castone 18x13mm","og_url":"https:\/\/www.cosevane.com\/en\/prodotto\/anello-underwater-pesce-azzurro\/","og_site_name":"Cosevane","article_modified_time":"2025-01-21T19:39:16+00:00","og_image":[{"width":2560,"height":2560,"url":"https:\/\/www.cosevane.com\/wp-content\/uploads\/2023\/09\/IMG_21552145-scaled.jpg","type":"image\/jpeg"}],"twitter_card":"summary_large_image","twitter_misc":{"Est. reading time":"1 minute"},"schema":{"@context":"https:\/\/schema.org","@graph":[{"@type":"WebPage","@id":"https:\/\/www.cosevane.com\/en\/prodotto\/anello-underwater-pesce-azzurro\/","url":"https:\/\/www.cosevane.com\/en\/prodotto\/anello-underwater-pesce-azzurro\/","name":"Anello Underwater pesce azzurro - Cosevane","isPartOf":{"@id":"https:\/\/www.cosevane.com\/en\/#website"},"primaryImageOfPage":{"@id":"https:\/\/www.cosevane.com\/en\/prodotto\/anello-underwater-pesce-azzurro\/#primaryimage"},"image":{"@id":"https:\/\/www.cosevane.com\/en\/prodotto\/anello-underwater-pesce-azzurro\/#primaryimage"},"thumbnailUrl":"https:\/\/www.cosevane.com\/wp-content\/uploads\/2023\/09\/IMG_21552145-scaled.jpg","datePublished":"2023-09-11T13:55:01+00:00","dateModified":"2025-01-21T19:39:16+00:00","breadcrumb":{"@id":"https:\/\/www.cosevane.com\/en\/prodotto\/anello-underwater-pesce-azzurro\/#breadcrumb"},"inLanguage":"en-US","potentialAction":[{"@type":"ReadAction","target":["https:\/\/www.cosevane.com\/en\/prodotto\/anello-underwater-pesce-azzurro\/"]}]},{"@type":"ImageObject","inLanguage":"en-US","@id":"https:\/\/www.cosevane.com\/en\/prodotto\/anello-underwater-pesce-azzurro\/#primaryimage","url":"https:\/\/www.cosevane.com\/wp-content\/uploads\/2023\/09\/IMG_21552145-scaled.jpg","contentUrl":"https:\/\/www.cosevane.com\/wp-content\/uploads\/2023\/09\/IMG_21552145-scaled.jpg","width":2560,"height":2560},{"@type":"BreadcrumbList","@id":"https:\/\/www.cosevane.com\/en\/prodotto\/anello-underwater-pesce-azzurro\/#breadcrumb","itemListElement":[{"@type":"ListItem","position":1,"name":"Home","item":"https:\/\/www.cosevane.com\/en\/"},{"@type":"ListItem","position":2,"name":"Shop","item":"https:\/\/www.cosevane.com\/en\/shop\/"},{"@type":"ListItem","position":3,"name":"Anello Underwater pesce azzurro"}]},{"@type":"WebSite","@id":"https:\/\/www.cosevane.com\/en\/#website","url":"https:\/\/www.cosevane.com\/en\/","name":"Cosevane","description":"","publisher":{"@id":"https:\/\/www.cosevane.com\/en\/#organization"},"potentialAction":[{"@type":"SearchAction","target":{"@type":"EntryPoint","urlTemplate":"https:\/\/www.cosevane.com\/en\/?s={search_term_string}"},"query-input":{"@type":"PropertyValueSpecification","valueRequired":true,"valueName":"search_term_string"}}],"inLanguage":"en-US"},{"@type":"Organization","@id":"https:\/\/www.cosevane.com\/en\/#organization","name":"Cosevane","url":"https:\/\/www.cosevane.com\/en\/","logo":{"@type":"ImageObject","inLanguage":"en-US","@id":"https:\/\/www.cosevane.com\/en\/#\/schema\/logo\/image\/","url":"https:\/\/www.cosevane.com\/wp-content\/uploads\/2023\/07\/LogoNewCoseVane-1.png","contentUrl":"https:\/\/www.cosevane.com\/wp-content\/uploads\/2023\/07\/LogoNewCoseVane-1.png","width":500,"height":201,"caption":"Cosevane"},"image":{"@id":"https:\/\/www.cosevane.com\/en\/#\/schema\/logo\/image\/"}}]}},"_links":{"self":[{"href":"https:\/\/www.cosevane.com\/en\/wp-json\/wp\/v2\/product\/3476","targetHints":{"allow":["GET"]}}],"collection":[{"href":"https:\/\/www.cosevane.com\/en\/wp-json\/wp\/v2\/product"}],"about":[{"href":"https:\/\/www.cosevane.com\/en\/wp-json\/wp\/v2\/types\/product"}],"replies":[{"embeddable":true,"href":"https:\/\/www.cosevane.com\/en\/wp-json\/wp\/v2\/comments?post=3476"}],"wp:featuredmedia":[{"embeddable":true,"href":"https:\/\/www.cosevane.com\/en\/wp-json\/wp\/v2\/media\/3477"}],"wp:attachment":[{"href":"https:\/\/www.cosevane.com\/en\/wp-json\/wp\/v2\/media?parent=3476"}],"wp:term":[{"taxonomy":"product_brand","embeddable":true,"href":"https:\/\/www.cosevane.com\/en\/wp-json\/wp\/v2\/product_brand?post=3476"},{"taxonomy":"product_cat","embeddable":true,"href":"https:\/\/www.cosevane.com\/en\/wp-json\/wp\/v2\/product_cat?post=3476"},{"taxonomy":"product_tag","embeddable":true,"href":"https:\/\/www.cosevane.com\/en\/wp-json\/wp\/v2\/product_tag?post=3476"}],"curies":[{"name":"wp","href":"https:\/\/api.w.org\/{rel}","templated":true}]}}