{"id":4732,"date":"2023-10-11T15:37:38","date_gmt":"2023-10-11T15:37:38","guid":{"rendered":"https:\/\/cosevane.com\/?post_type=product&#038;p=4732"},"modified":"2023-10-18T15:26:55","modified_gmt":"2023-10-18T15:26:55","slug":"anello-scultura-bassotto-rock-and-roll","status":"publish","type":"product","link":"https:\/\/www.cosevane.com\/en\/prodotto\/anello-scultura-bassotto-rock-and-roll\/","title":{"rendered":"Anello scultura bassotto Rock and roll"},"content":{"rendered":"<p>Ispirato dal simpatico e esuberante\u00a0 cagnolino,\u00a0 l&#8217;anello <strong>Bassotto<\/strong>\u00a0 rock and roll \u00e8 un anello scultura <strong>Chevalier<\/strong> creato\u00a0 con la tecnica della cera persa e realizzato in <strong>bronzo<\/strong>,\u00a0 il corpo dell&#8217;anello \u00e8 un tronco di cono ovale, la base si assottiglia per avere una vestibilit\u00e0 pi\u00f9 confortevole, la superfice del corpo dell&#8217;anello \u00e8 martellata e da un effetto chiaro scuro, mentre La parte superiore \u00e8 ovale, liscia e lucida,\u00a0 decorata con il sigillo in rilievo creato\u00a0 in <strong>argento<\/strong> con la tecnica del traforo\u00a0 ed ha la\u00a0 forma\u00a0 inconfondibile del\u00a0 \u00a0profilo del bassotto stilizzato.<\/p>\n","protected":false},"excerpt":{"rendered":"<p>l&#8217;anello Scultura Bassotto rock and roll ha un carattere deciso, la\u00a0 sua forma ricorda l&#8217;iconico <strong>chevalier<\/strong> da mignolo ma con una design pi\u00f9 moderno, il <strong>sigillo<\/strong> che decora la parte superiore dell&#8217;anello Ha la\u00a0 forma del profilo del\u00a0 bassotto,\u00a0 creato in argento troneggia sulla superfice liscia e lucida di forma ovale. Il\u00a0 corpo dell&#8217;anello realizzato in bronzo \u00e8 un tronco di cono ovale, la sua superficie\u00a0 \u00e8 martellata e questa tecnica da\u00a0 un effetto chiaro scuro piacevole alla vista e dona al gioiello carattere e personalit\u00e0.<\/p>\n","protected":false},"featured_media":4733,"comment_status":"closed","ping_status":"closed","template":"","meta":{"_acf_changed":false},"product_brand":[],"product_cat":[16,41],"product_tag":[29,300,25,94,21,306,34,295,299,152,44],"class_list":{"0":"post-4732","1":"product","2":"type-product","3":"status-publish","4":"has-post-thumbnail","6":"product_cat-anelli","7":"product_cat-zampa","8":"product_tag-anello","9":"product_tag-anello_scultura","10":"product_tag-argento","11":"product_tag-bassotto","12":"product_tag-bronzo","13":"product_tag-chevalier","14":"product_tag-cosevane","15":"product_tag-fatto-a-mano","16":"product_tag-rock_and_roll","17":"product_tag-scultura","18":"product_tag-zampa","20":"first","21":"instock","22":"shipping-taxable","23":"purchasable","24":"product-type-variable"},"acf":[],"yoast_head":"<!-- This site is optimized with the Yoast SEO plugin v25.6 - https:\/\/yoast.com\/wordpress\/plugins\/seo\/ -->\n<title>Anello scultura bassotto Rock and roll - Cosevane<\/title>\n<meta name=\"description\" content=\"Anello scultura bassotto, \u00e8 uno chevalier realizzato in bronzo decorato con un sigillo a forma di Bassotto stilizzato fatto a mano in argento.\" \/>\n<meta name=\"robots\" content=\"index, follow, max-snippet:-1, max-image-preview:large, max-video-preview:-1\" \/>\n<link rel=\"canonical\" href=\"https:\/\/www.cosevane.com\/en\/prodotto\/anello-scultura-bassotto-rock-and-roll\/\" \/>\n<meta property=\"og:locale\" content=\"en_US\" \/>\n<meta property=\"og:type\" content=\"article\" \/>\n<meta property=\"og:title\" content=\"Anello scultura bassotto Rock and roll - Cosevane\" \/>\n<meta property=\"og:description\" content=\"Anello scultura bassotto, \u00e8 uno chevalier realizzato in bronzo decorato con un sigillo a forma di Bassotto stilizzato fatto a mano in argento.\" \/>\n<meta property=\"og:url\" content=\"https:\/\/www.cosevane.com\/en\/prodotto\/anello-scultura-bassotto-rock-and-roll\/\" \/>\n<meta property=\"og:site_name\" content=\"Cosevane\" \/>\n<meta property=\"article:modified_time\" content=\"2023-10-18T15:26:55+00:00\" \/>\n<meta property=\"og:image\" content=\"https:\/\/www.cosevane.com\/wp-content\/uploads\/2023\/10\/Anello-scultura-bronzo-bassotto-.jpg\" \/>\n\t<meta property=\"og:image:width\" content=\"1607\" \/>\n\t<meta property=\"og:image:height\" content=\"1059\" \/>\n\t<meta property=\"og:image:type\" content=\"image\/jpeg\" \/>\n<meta name=\"twitter:card\" content=\"summary_large_image\" \/>\n<meta name=\"twitter:label1\" content=\"Est. reading time\" \/>\n\t<meta name=\"twitter:data1\" content=\"1 minute\" \/>\n<script type=\"application\/ld+json\" class=\"yoast-schema-graph\">{\"@context\":\"https:\/\/schema.org\",\"@graph\":[{\"@type\":\"WebPage\",\"@id\":\"https:\/\/www.cosevane.com\/en\/prodotto\/anello-scultura-bassotto-rock-and-roll\/\",\"url\":\"https:\/\/www.cosevane.com\/en\/prodotto\/anello-scultura-bassotto-rock-and-roll\/\",\"name\":\"Anello scultura bassotto Rock and roll - Cosevane\",\"isPartOf\":{\"@id\":\"https:\/\/www.cosevane.com\/en\/#website\"},\"primaryImageOfPage\":{\"@id\":\"https:\/\/www.cosevane.com\/en\/prodotto\/anello-scultura-bassotto-rock-and-roll\/#primaryimage\"},\"image\":{\"@id\":\"https:\/\/www.cosevane.com\/en\/prodotto\/anello-scultura-bassotto-rock-and-roll\/#primaryimage\"},\"thumbnailUrl\":\"https:\/\/www.cosevane.com\/wp-content\/uploads\/2023\/10\/Anello-scultura-bronzo-bassotto-.jpg\",\"datePublished\":\"2023-10-11T15:37:38+00:00\",\"dateModified\":\"2023-10-18T15:26:55+00:00\",\"description\":\"Anello scultura bassotto, \u00e8 uno chevalier realizzato in bronzo decorato con un sigillo a forma di Bassotto stilizzato fatto a mano in argento.\",\"breadcrumb\":{\"@id\":\"https:\/\/www.cosevane.com\/en\/prodotto\/anello-scultura-bassotto-rock-and-roll\/#breadcrumb\"},\"inLanguage\":\"en-US\",\"potentialAction\":[{\"@type\":\"ReadAction\",\"target\":[\"https:\/\/www.cosevane.com\/en\/prodotto\/anello-scultura-bassotto-rock-and-roll\/\"]}]},{\"@type\":\"ImageObject\",\"inLanguage\":\"en-US\",\"@id\":\"https:\/\/www.cosevane.com\/en\/prodotto\/anello-scultura-bassotto-rock-and-roll\/#primaryimage\",\"url\":\"https:\/\/www.cosevane.com\/wp-content\/uploads\/2023\/10\/Anello-scultura-bronzo-bassotto-.jpg\",\"contentUrl\":\"https:\/\/www.cosevane.com\/wp-content\/uploads\/2023\/10\/Anello-scultura-bronzo-bassotto-.jpg\",\"width\":1607,\"height\":1059},{\"@type\":\"BreadcrumbList\",\"@id\":\"https:\/\/www.cosevane.com\/en\/prodotto\/anello-scultura-bassotto-rock-and-roll\/#breadcrumb\",\"itemListElement\":[{\"@type\":\"ListItem\",\"position\":1,\"name\":\"Home\",\"item\":\"https:\/\/www.cosevane.com\/en\/\"},{\"@type\":\"ListItem\",\"position\":2,\"name\":\"Shop\",\"item\":\"https:\/\/www.cosevane.com\/en\/shop\/\"},{\"@type\":\"ListItem\",\"position\":3,\"name\":\"Anello scultura bassotto Rock and roll\"}]},{\"@type\":\"WebSite\",\"@id\":\"https:\/\/www.cosevane.com\/en\/#website\",\"url\":\"https:\/\/www.cosevane.com\/en\/\",\"name\":\"Cosevane\",\"description\":\"\",\"publisher\":{\"@id\":\"https:\/\/www.cosevane.com\/en\/#organization\"},\"potentialAction\":[{\"@type\":\"SearchAction\",\"target\":{\"@type\":\"EntryPoint\",\"urlTemplate\":\"https:\/\/www.cosevane.com\/en\/?s={search_term_string}\"},\"query-input\":{\"@type\":\"PropertyValueSpecification\",\"valueRequired\":true,\"valueName\":\"search_term_string\"}}],\"inLanguage\":\"en-US\"},{\"@type\":\"Organization\",\"@id\":\"https:\/\/www.cosevane.com\/en\/#organization\",\"name\":\"Cosevane\",\"url\":\"https:\/\/www.cosevane.com\/en\/\",\"logo\":{\"@type\":\"ImageObject\",\"inLanguage\":\"en-US\",\"@id\":\"https:\/\/www.cosevane.com\/en\/#\/schema\/logo\/image\/\",\"url\":\"https:\/\/www.cosevane.com\/wp-content\/uploads\/2023\/07\/LogoNewCoseVane-1.png\",\"contentUrl\":\"https:\/\/www.cosevane.com\/wp-content\/uploads\/2023\/07\/LogoNewCoseVane-1.png\",\"width\":500,\"height\":201,\"caption\":\"Cosevane\"},\"image\":{\"@id\":\"https:\/\/www.cosevane.com\/en\/#\/schema\/logo\/image\/\"}}]}<\/script>\n<!-- \/ Yoast SEO plugin. -->","yoast_head_json":{"title":"Anello scultura bassotto Rock and roll - Cosevane","description":"Anello scultura bassotto, \u00e8 uno chevalier realizzato in bronzo decorato con un sigillo a forma di Bassotto stilizzato fatto a mano in argento.","robots":{"index":"index","follow":"follow","max-snippet":"max-snippet:-1","max-image-preview":"max-image-preview:large","max-video-preview":"max-video-preview:-1"},"canonical":"https:\/\/www.cosevane.com\/en\/prodotto\/anello-scultura-bassotto-rock-and-roll\/","og_locale":"en_US","og_type":"article","og_title":"Anello scultura bassotto Rock and roll - Cosevane","og_description":"Anello scultura bassotto, \u00e8 uno chevalier realizzato in bronzo decorato con un sigillo a forma di Bassotto stilizzato fatto a mano in argento.","og_url":"https:\/\/www.cosevane.com\/en\/prodotto\/anello-scultura-bassotto-rock-and-roll\/","og_site_name":"Cosevane","article_modified_time":"2023-10-18T15:26:55+00:00","og_image":[{"width":1607,"height":1059,"url":"https:\/\/www.cosevane.com\/wp-content\/uploads\/2023\/10\/Anello-scultura-bronzo-bassotto-.jpg","type":"image\/jpeg"}],"twitter_card":"summary_large_image","twitter_misc":{"Est. reading time":"1 minute"},"schema":{"@context":"https:\/\/schema.org","@graph":[{"@type":"WebPage","@id":"https:\/\/www.cosevane.com\/en\/prodotto\/anello-scultura-bassotto-rock-and-roll\/","url":"https:\/\/www.cosevane.com\/en\/prodotto\/anello-scultura-bassotto-rock-and-roll\/","name":"Anello scultura bassotto Rock and roll - Cosevane","isPartOf":{"@id":"https:\/\/www.cosevane.com\/en\/#website"},"primaryImageOfPage":{"@id":"https:\/\/www.cosevane.com\/en\/prodotto\/anello-scultura-bassotto-rock-and-roll\/#primaryimage"},"image":{"@id":"https:\/\/www.cosevane.com\/en\/prodotto\/anello-scultura-bassotto-rock-and-roll\/#primaryimage"},"thumbnailUrl":"https:\/\/www.cosevane.com\/wp-content\/uploads\/2023\/10\/Anello-scultura-bronzo-bassotto-.jpg","datePublished":"2023-10-11T15:37:38+00:00","dateModified":"2023-10-18T15:26:55+00:00","description":"Anello scultura bassotto, \u00e8 uno chevalier realizzato in bronzo decorato con un sigillo a forma di Bassotto stilizzato fatto a mano in argento.","breadcrumb":{"@id":"https:\/\/www.cosevane.com\/en\/prodotto\/anello-scultura-bassotto-rock-and-roll\/#breadcrumb"},"inLanguage":"en-US","potentialAction":[{"@type":"ReadAction","target":["https:\/\/www.cosevane.com\/en\/prodotto\/anello-scultura-bassotto-rock-and-roll\/"]}]},{"@type":"ImageObject","inLanguage":"en-US","@id":"https:\/\/www.cosevane.com\/en\/prodotto\/anello-scultura-bassotto-rock-and-roll\/#primaryimage","url":"https:\/\/www.cosevane.com\/wp-content\/uploads\/2023\/10\/Anello-scultura-bronzo-bassotto-.jpg","contentUrl":"https:\/\/www.cosevane.com\/wp-content\/uploads\/2023\/10\/Anello-scultura-bronzo-bassotto-.jpg","width":1607,"height":1059},{"@type":"BreadcrumbList","@id":"https:\/\/www.cosevane.com\/en\/prodotto\/anello-scultura-bassotto-rock-and-roll\/#breadcrumb","itemListElement":[{"@type":"ListItem","position":1,"name":"Home","item":"https:\/\/www.cosevane.com\/en\/"},{"@type":"ListItem","position":2,"name":"Shop","item":"https:\/\/www.cosevane.com\/en\/shop\/"},{"@type":"ListItem","position":3,"name":"Anello scultura bassotto Rock and roll"}]},{"@type":"WebSite","@id":"https:\/\/www.cosevane.com\/en\/#website","url":"https:\/\/www.cosevane.com\/en\/","name":"Cosevane","description":"","publisher":{"@id":"https:\/\/www.cosevane.com\/en\/#organization"},"potentialAction":[{"@type":"SearchAction","target":{"@type":"EntryPoint","urlTemplate":"https:\/\/www.cosevane.com\/en\/?s={search_term_string}"},"query-input":{"@type":"PropertyValueSpecification","valueRequired":true,"valueName":"search_term_string"}}],"inLanguage":"en-US"},{"@type":"Organization","@id":"https:\/\/www.cosevane.com\/en\/#organization","name":"Cosevane","url":"https:\/\/www.cosevane.com\/en\/","logo":{"@type":"ImageObject","inLanguage":"en-US","@id":"https:\/\/www.cosevane.com\/en\/#\/schema\/logo\/image\/","url":"https:\/\/www.cosevane.com\/wp-content\/uploads\/2023\/07\/LogoNewCoseVane-1.png","contentUrl":"https:\/\/www.cosevane.com\/wp-content\/uploads\/2023\/07\/LogoNewCoseVane-1.png","width":500,"height":201,"caption":"Cosevane"},"image":{"@id":"https:\/\/www.cosevane.com\/en\/#\/schema\/logo\/image\/"}}]}},"_links":{"self":[{"href":"https:\/\/www.cosevane.com\/en\/wp-json\/wp\/v2\/product\/4732","targetHints":{"allow":["GET"]}}],"collection":[{"href":"https:\/\/www.cosevane.com\/en\/wp-json\/wp\/v2\/product"}],"about":[{"href":"https:\/\/www.cosevane.com\/en\/wp-json\/wp\/v2\/types\/product"}],"replies":[{"embeddable":true,"href":"https:\/\/www.cosevane.com\/en\/wp-json\/wp\/v2\/comments?post=4732"}],"wp:featuredmedia":[{"embeddable":true,"href":"https:\/\/www.cosevane.com\/en\/wp-json\/wp\/v2\/media\/4733"}],"wp:attachment":[{"href":"https:\/\/www.cosevane.com\/en\/wp-json\/wp\/v2\/media?parent=4732"}],"wp:term":[{"taxonomy":"product_brand","embeddable":true,"href":"https:\/\/www.cosevane.com\/en\/wp-json\/wp\/v2\/product_brand?post=4732"},{"taxonomy":"product_cat","embeddable":true,"href":"https:\/\/www.cosevane.com\/en\/wp-json\/wp\/v2\/product_cat?post=4732"},{"taxonomy":"product_tag","embeddable":true,"href":"https:\/\/www.cosevane.com\/en\/wp-json\/wp\/v2\/product_tag?post=4732"}],"curies":[{"name":"wp","href":"https:\/\/api.w.org\/{rel}","templated":true}]}}