{"id":4758,"date":"2023-10-11T16:09:02","date_gmt":"2023-10-11T16:09:02","guid":{"rendered":"https:\/\/cosevane.com\/?post_type=product&#038;p=4758"},"modified":"2023-10-18T15:05:42","modified_gmt":"2023-10-18T15:05:42","slug":"anello-sigillo-bassotto-rock-and-roll","status":"publish","type":"product","link":"https:\/\/www.cosevane.com\/en\/prodotto\/anello-sigillo-bassotto-rock-and-roll\/","title":{"rendered":"Anello Sigillo bassotto Rock and roll"},"content":{"rendered":"<p style=\"text-align: left\">l&#8217;anello Sigillo Bassotto \u00e8 una fascia alta\u00a0 in <strong>bronzo<\/strong>, realizzato a mano e fatto su misura, la fascia avvolge il dito, la parte superiore \u00e8 leggermente squadrata mentre la parte inferiore si assottiglia sotto il dito per rendere la vestibilit\u00e0 pi\u00f9 confortevole. Decorato \u00a0con un sigillo in<strong> argento<\/strong> realizzato con la tecnica del traforo, \u00a0il profilo inconfondibile del simpatico<strong> bassotto<\/strong> spicca sopra la fascia in bronzo dal colore \u00a0caldo e ramato \u00a0 esaltando la preziosit\u00e0 dell\u2019anello.<\/p>\n<p>Dimensioni:\u00a0 H 20 mm L 17 mm spessore 0,2 mm<\/p>\n","protected":false},"excerpt":{"rendered":"<p>Ispirato dal simpatico e esuberante cagnolino\u00a0 l&#8217;anello Bassotto\u00a0 Rock and roll \u00e8 un anello a\u00a0 fascia dalla forma leggermente squadrata nella parte superiore, smussata nella parte inferiore per rendere la vestibilit\u00e0 pi\u00f9 comoda,\u00a0 La superfice \u00e8 liscia e lucida, il colore caldo del bronzo risalta il sigillo a forma di bassotto in argento che decora\u00a0 e da carattere all&#8217;anello.<\/p>\n","protected":false},"featured_media":4759,"comment_status":"closed","ping_status":"closed","template":"","meta":{"_acf_changed":false},"product_brand":[],"product_cat":[16,37,41],"product_tag":[29,302,301,25,94,21,34,113],"class_list":{"0":"post-4758","1":"product","2":"type-product","3":"status-publish","4":"has-post-thumbnail","6":"product_cat-anelli","7":"product_cat-sigilli","8":"product_cat-zampa","9":"product_tag-anello","10":"product_tag-anello_sigillo","11":"product_tag-anello_zampa","12":"product_tag-argento","13":"product_tag-bassotto","14":"product_tag-bronzo","15":"product_tag-cosevane","16":"product_tag-fatto_a_mano","18":"first","19":"instock","20":"shipping-taxable","21":"purchasable","22":"product-type-variable"},"acf":[],"yoast_head":"<!-- This site is optimized with the Yoast SEO plugin v25.6 - https:\/\/yoast.com\/wordpress\/plugins\/seo\/ -->\n<title>Anello Sigillo bassotto Rock and roll - Cosevane<\/title>\n<meta name=\"description\" content=\"l\u2019Anello Sigillo Bassotto \u00e8 una fascia alta in bronzo dalla forma squadrata decorata con un sigillo in argento realizzato con il profilo del Bassotto\" \/>\n<meta name=\"robots\" content=\"index, follow, max-snippet:-1, max-image-preview:large, max-video-preview:-1\" \/>\n<link rel=\"canonical\" href=\"https:\/\/www.cosevane.com\/en\/prodotto\/anello-sigillo-bassotto-rock-and-roll\/\" \/>\n<meta property=\"og:locale\" content=\"en_US\" \/>\n<meta property=\"og:type\" content=\"article\" \/>\n<meta property=\"og:title\" content=\"Anello Sigillo bassotto Rock and roll - Cosevane\" \/>\n<meta property=\"og:description\" content=\"l\u2019Anello Sigillo Bassotto \u00e8 una fascia alta in bronzo dalla forma squadrata decorata con un sigillo in argento realizzato con il profilo del Bassotto\" \/>\n<meta property=\"og:url\" content=\"https:\/\/www.cosevane.com\/en\/prodotto\/anello-sigillo-bassotto-rock-and-roll\/\" \/>\n<meta property=\"og:site_name\" content=\"Cosevane\" \/>\n<meta property=\"article:modified_time\" content=\"2023-10-18T15:05:42+00:00\" \/>\n<meta property=\"og:image\" content=\"https:\/\/www.cosevane.com\/wp-content\/uploads\/2023\/10\/e1342a8e-e062-4b3c-96d6-c0ff21e79a87.jpg\" \/>\n\t<meta property=\"og:image:width\" content=\"1379\" \/>\n\t<meta property=\"og:image:height\" content=\"1071\" \/>\n\t<meta property=\"og:image:type\" content=\"image\/jpeg\" \/>\n<meta name=\"twitter:card\" content=\"summary_large_image\" \/>\n<meta name=\"twitter:label1\" content=\"Est. reading time\" \/>\n\t<meta name=\"twitter:data1\" content=\"1 minute\" \/>\n<script type=\"application\/ld+json\" class=\"yoast-schema-graph\">{\"@context\":\"https:\/\/schema.org\",\"@graph\":[{\"@type\":\"WebPage\",\"@id\":\"https:\/\/www.cosevane.com\/en\/prodotto\/anello-sigillo-bassotto-rock-and-roll\/\",\"url\":\"https:\/\/www.cosevane.com\/en\/prodotto\/anello-sigillo-bassotto-rock-and-roll\/\",\"name\":\"Anello Sigillo bassotto Rock and roll - Cosevane\",\"isPartOf\":{\"@id\":\"https:\/\/www.cosevane.com\/en\/#website\"},\"primaryImageOfPage\":{\"@id\":\"https:\/\/www.cosevane.com\/en\/prodotto\/anello-sigillo-bassotto-rock-and-roll\/#primaryimage\"},\"image\":{\"@id\":\"https:\/\/www.cosevane.com\/en\/prodotto\/anello-sigillo-bassotto-rock-and-roll\/#primaryimage\"},\"thumbnailUrl\":\"https:\/\/www.cosevane.com\/wp-content\/uploads\/2023\/10\/e1342a8e-e062-4b3c-96d6-c0ff21e79a87.jpg\",\"datePublished\":\"2023-10-11T16:09:02+00:00\",\"dateModified\":\"2023-10-18T15:05:42+00:00\",\"description\":\"l\u2019Anello Sigillo Bassotto \u00e8 una fascia alta in bronzo dalla forma squadrata decorata con un sigillo in argento realizzato con il profilo del Bassotto\",\"breadcrumb\":{\"@id\":\"https:\/\/www.cosevane.com\/en\/prodotto\/anello-sigillo-bassotto-rock-and-roll\/#breadcrumb\"},\"inLanguage\":\"en-US\",\"potentialAction\":[{\"@type\":\"ReadAction\",\"target\":[\"https:\/\/www.cosevane.com\/en\/prodotto\/anello-sigillo-bassotto-rock-and-roll\/\"]}]},{\"@type\":\"ImageObject\",\"inLanguage\":\"en-US\",\"@id\":\"https:\/\/www.cosevane.com\/en\/prodotto\/anello-sigillo-bassotto-rock-and-roll\/#primaryimage\",\"url\":\"https:\/\/www.cosevane.com\/wp-content\/uploads\/2023\/10\/e1342a8e-e062-4b3c-96d6-c0ff21e79a87.jpg\",\"contentUrl\":\"https:\/\/www.cosevane.com\/wp-content\/uploads\/2023\/10\/e1342a8e-e062-4b3c-96d6-c0ff21e79a87.jpg\",\"width\":1379,\"height\":1071},{\"@type\":\"BreadcrumbList\",\"@id\":\"https:\/\/www.cosevane.com\/en\/prodotto\/anello-sigillo-bassotto-rock-and-roll\/#breadcrumb\",\"itemListElement\":[{\"@type\":\"ListItem\",\"position\":1,\"name\":\"Home\",\"item\":\"https:\/\/www.cosevane.com\/en\/\"},{\"@type\":\"ListItem\",\"position\":2,\"name\":\"Shop\",\"item\":\"https:\/\/www.cosevane.com\/en\/shop\/\"},{\"@type\":\"ListItem\",\"position\":3,\"name\":\"Anello Sigillo bassotto Rock and roll\"}]},{\"@type\":\"WebSite\",\"@id\":\"https:\/\/www.cosevane.com\/en\/#website\",\"url\":\"https:\/\/www.cosevane.com\/en\/\",\"name\":\"Cosevane\",\"description\":\"\",\"publisher\":{\"@id\":\"https:\/\/www.cosevane.com\/en\/#organization\"},\"potentialAction\":[{\"@type\":\"SearchAction\",\"target\":{\"@type\":\"EntryPoint\",\"urlTemplate\":\"https:\/\/www.cosevane.com\/en\/?s={search_term_string}\"},\"query-input\":{\"@type\":\"PropertyValueSpecification\",\"valueRequired\":true,\"valueName\":\"search_term_string\"}}],\"inLanguage\":\"en-US\"},{\"@type\":\"Organization\",\"@id\":\"https:\/\/www.cosevane.com\/en\/#organization\",\"name\":\"Cosevane\",\"url\":\"https:\/\/www.cosevane.com\/en\/\",\"logo\":{\"@type\":\"ImageObject\",\"inLanguage\":\"en-US\",\"@id\":\"https:\/\/www.cosevane.com\/en\/#\/schema\/logo\/image\/\",\"url\":\"https:\/\/www.cosevane.com\/wp-content\/uploads\/2023\/07\/LogoNewCoseVane-1.png\",\"contentUrl\":\"https:\/\/www.cosevane.com\/wp-content\/uploads\/2023\/07\/LogoNewCoseVane-1.png\",\"width\":500,\"height\":201,\"caption\":\"Cosevane\"},\"image\":{\"@id\":\"https:\/\/www.cosevane.com\/en\/#\/schema\/logo\/image\/\"}}]}<\/script>\n<!-- \/ Yoast SEO plugin. -->","yoast_head_json":{"title":"Anello Sigillo bassotto Rock and roll - Cosevane","description":"l\u2019Anello Sigillo Bassotto \u00e8 una fascia alta in bronzo dalla forma squadrata decorata con un sigillo in argento realizzato con il profilo del Bassotto","robots":{"index":"index","follow":"follow","max-snippet":"max-snippet:-1","max-image-preview":"max-image-preview:large","max-video-preview":"max-video-preview:-1"},"canonical":"https:\/\/www.cosevane.com\/en\/prodotto\/anello-sigillo-bassotto-rock-and-roll\/","og_locale":"en_US","og_type":"article","og_title":"Anello Sigillo bassotto Rock and roll - Cosevane","og_description":"l\u2019Anello Sigillo Bassotto \u00e8 una fascia alta in bronzo dalla forma squadrata decorata con un sigillo in argento realizzato con il profilo del Bassotto","og_url":"https:\/\/www.cosevane.com\/en\/prodotto\/anello-sigillo-bassotto-rock-and-roll\/","og_site_name":"Cosevane","article_modified_time":"2023-10-18T15:05:42+00:00","og_image":[{"width":1379,"height":1071,"url":"https:\/\/www.cosevane.com\/wp-content\/uploads\/2023\/10\/e1342a8e-e062-4b3c-96d6-c0ff21e79a87.jpg","type":"image\/jpeg"}],"twitter_card":"summary_large_image","twitter_misc":{"Est. reading time":"1 minute"},"schema":{"@context":"https:\/\/schema.org","@graph":[{"@type":"WebPage","@id":"https:\/\/www.cosevane.com\/en\/prodotto\/anello-sigillo-bassotto-rock-and-roll\/","url":"https:\/\/www.cosevane.com\/en\/prodotto\/anello-sigillo-bassotto-rock-and-roll\/","name":"Anello Sigillo bassotto Rock and roll - Cosevane","isPartOf":{"@id":"https:\/\/www.cosevane.com\/en\/#website"},"primaryImageOfPage":{"@id":"https:\/\/www.cosevane.com\/en\/prodotto\/anello-sigillo-bassotto-rock-and-roll\/#primaryimage"},"image":{"@id":"https:\/\/www.cosevane.com\/en\/prodotto\/anello-sigillo-bassotto-rock-and-roll\/#primaryimage"},"thumbnailUrl":"https:\/\/www.cosevane.com\/wp-content\/uploads\/2023\/10\/e1342a8e-e062-4b3c-96d6-c0ff21e79a87.jpg","datePublished":"2023-10-11T16:09:02+00:00","dateModified":"2023-10-18T15:05:42+00:00","description":"l\u2019Anello Sigillo Bassotto \u00e8 una fascia alta in bronzo dalla forma squadrata decorata con un sigillo in argento realizzato con il profilo del Bassotto","breadcrumb":{"@id":"https:\/\/www.cosevane.com\/en\/prodotto\/anello-sigillo-bassotto-rock-and-roll\/#breadcrumb"},"inLanguage":"en-US","potentialAction":[{"@type":"ReadAction","target":["https:\/\/www.cosevane.com\/en\/prodotto\/anello-sigillo-bassotto-rock-and-roll\/"]}]},{"@type":"ImageObject","inLanguage":"en-US","@id":"https:\/\/www.cosevane.com\/en\/prodotto\/anello-sigillo-bassotto-rock-and-roll\/#primaryimage","url":"https:\/\/www.cosevane.com\/wp-content\/uploads\/2023\/10\/e1342a8e-e062-4b3c-96d6-c0ff21e79a87.jpg","contentUrl":"https:\/\/www.cosevane.com\/wp-content\/uploads\/2023\/10\/e1342a8e-e062-4b3c-96d6-c0ff21e79a87.jpg","width":1379,"height":1071},{"@type":"BreadcrumbList","@id":"https:\/\/www.cosevane.com\/en\/prodotto\/anello-sigillo-bassotto-rock-and-roll\/#breadcrumb","itemListElement":[{"@type":"ListItem","position":1,"name":"Home","item":"https:\/\/www.cosevane.com\/en\/"},{"@type":"ListItem","position":2,"name":"Shop","item":"https:\/\/www.cosevane.com\/en\/shop\/"},{"@type":"ListItem","position":3,"name":"Anello Sigillo bassotto Rock and roll"}]},{"@type":"WebSite","@id":"https:\/\/www.cosevane.com\/en\/#website","url":"https:\/\/www.cosevane.com\/en\/","name":"Cosevane","description":"","publisher":{"@id":"https:\/\/www.cosevane.com\/en\/#organization"},"potentialAction":[{"@type":"SearchAction","target":{"@type":"EntryPoint","urlTemplate":"https:\/\/www.cosevane.com\/en\/?s={search_term_string}"},"query-input":{"@type":"PropertyValueSpecification","valueRequired":true,"valueName":"search_term_string"}}],"inLanguage":"en-US"},{"@type":"Organization","@id":"https:\/\/www.cosevane.com\/en\/#organization","name":"Cosevane","url":"https:\/\/www.cosevane.com\/en\/","logo":{"@type":"ImageObject","inLanguage":"en-US","@id":"https:\/\/www.cosevane.com\/en\/#\/schema\/logo\/image\/","url":"https:\/\/www.cosevane.com\/wp-content\/uploads\/2023\/07\/LogoNewCoseVane-1.png","contentUrl":"https:\/\/www.cosevane.com\/wp-content\/uploads\/2023\/07\/LogoNewCoseVane-1.png","width":500,"height":201,"caption":"Cosevane"},"image":{"@id":"https:\/\/www.cosevane.com\/en\/#\/schema\/logo\/image\/"}}]}},"_links":{"self":[{"href":"https:\/\/www.cosevane.com\/en\/wp-json\/wp\/v2\/product\/4758","targetHints":{"allow":["GET"]}}],"collection":[{"href":"https:\/\/www.cosevane.com\/en\/wp-json\/wp\/v2\/product"}],"about":[{"href":"https:\/\/www.cosevane.com\/en\/wp-json\/wp\/v2\/types\/product"}],"replies":[{"embeddable":true,"href":"https:\/\/www.cosevane.com\/en\/wp-json\/wp\/v2\/comments?post=4758"}],"wp:featuredmedia":[{"embeddable":true,"href":"https:\/\/www.cosevane.com\/en\/wp-json\/wp\/v2\/media\/4759"}],"wp:attachment":[{"href":"https:\/\/www.cosevane.com\/en\/wp-json\/wp\/v2\/media?parent=4758"}],"wp:term":[{"taxonomy":"product_brand","embeddable":true,"href":"https:\/\/www.cosevane.com\/en\/wp-json\/wp\/v2\/product_brand?post=4758"},{"taxonomy":"product_cat","embeddable":true,"href":"https:\/\/www.cosevane.com\/en\/wp-json\/wp\/v2\/product_cat?post=4758"},{"taxonomy":"product_tag","embeddable":true,"href":"https:\/\/www.cosevane.com\/en\/wp-json\/wp\/v2\/product_tag?post=4758"}],"curies":[{"name":"wp","href":"https:\/\/api.w.org\/{rel}","templated":true}]}}