{"id":5318,"date":"2025-03-28T18:11:33","date_gmt":"2025-03-28T17:11:33","guid":{"rendered":"https:\/\/www.cosevane.com\/?post_type=product&#038;p=5318"},"modified":"2025-03-28T18:50:40","modified_gmt":"2025-03-28T17:50:40","slug":"collana_cuore_passiflora","status":"publish","type":"product","link":"https:\/\/www.cosevane.com\/en\/prodotto\/collana_cuore_passiflora\/","title":{"rendered":"Collana_cuore_passiflora"},"content":{"rendered":"<p>Un grande cuore\u00a0 illustrato pende dalla lunga catena in acciaio placcato oro giallo. Il ciondolo cuore \u00e8 il fulcro della collana, realizzato a mano in ottone e rifinito in resina, la forma \u00e8 asimmetrica, il fronte \u00e8 decorato con un dettaglio che ritrae il fiore di passiflora, disegno tratto dal libro illustrato &#8221; La grammatica delle erbe&#8221; sulla parte alta del cuore un anello in ottone aggancia la catena.<\/p>\n<p>l&#8217;illustrazione ha un sottile bordino dorato intorno, \u00e8 lucida e ha un velo di resina trasparente che protegge il disegno, i colori sono caldi dell&#8217;autunno, virano dal color mattone all&#8217;argilla, il disegno ricorda forme tribali, il retro del cuore \u00e8 colore oro satinato e graffiato.<\/p>\n<p>Le dimensione del cuore: H 5,0 cm L 3,5 cm P 1,5 cm<\/p>\n<p>La catena \u00e8 lunga 38 cm in acciaio anallergico placcato oro giallo, sulla lunghezza si alternano delle piccole sfere lucide , regolabile sul retro.<\/p>\n","protected":false},"excerpt":{"rendered":"<p>Il dettaglio del fiore di passiflora decora il grande cuore asimmetrico, i colori caldi dell&#8217;autunno sfumano dall&#8217;arancio al color argilla, il disegno stilizzato del fiore ti trasporta in un mondo immaginario di colori e forme tribali. Il ciondolo pende dalla lunga e sottile catena dorata sulla quale si alternano piccole sfere lucide.<\/p>\n","protected":false},"featured_media":5319,"comment_status":"closed","ping_status":"closed","template":"","meta":{"_acf_changed":false},"product_brand":[],"product_cat":[124,91],"product_tag":[344,56,54,34,26,345],"class_list":{"0":"post-5318","1":"product","2":"type-product","3":"status-publish","4":"has-post-thumbnail","6":"product_cat-botanica","7":"product_cat-collane","8":"product_tag-botanica","9":"product_tag-ciondolo","10":"product_tag-collana","11":"product_tag-cosevane","12":"product_tag-cuore","13":"product_tag-passiflora","15":"first","16":"instock","17":"shipping-taxable","18":"purchasable","19":"product-type-simple"},"acf":[],"yoast_head":"<!-- This site is optimized with the Yoast SEO plugin v25.6 - https:\/\/yoast.com\/wordpress\/plugins\/seo\/ -->\n<title>Collana_cuore_passiflora - Cosevane<\/title>\n<meta name=\"description\" content=\"Il ciondolo cuore illustrato con fiore di passiflora \u00e8 realizzato a mano in ottone e resina, pende da una lunga catena in acciaio placcato oro giallo.\" \/>\n<meta name=\"robots\" content=\"index, follow, max-snippet:-1, max-image-preview:large, max-video-preview:-1\" \/>\n<link rel=\"canonical\" href=\"https:\/\/www.cosevane.com\/en\/prodotto\/collana_cuore_passiflora\/\" \/>\n<meta property=\"og:locale\" content=\"en_US\" \/>\n<meta property=\"og:type\" content=\"article\" \/>\n<meta property=\"og:title\" content=\"Collana_cuore_passiflora - Cosevane\" \/>\n<meta property=\"og:description\" content=\"Il ciondolo cuore illustrato con fiore di passiflora \u00e8 realizzato a mano in ottone e resina, pende da una lunga catena in acciaio placcato oro giallo.\" \/>\n<meta property=\"og:url\" content=\"https:\/\/www.cosevane.com\/en\/prodotto\/collana_cuore_passiflora\/\" \/>\n<meta property=\"og:site_name\" content=\"Cosevane\" \/>\n<meta property=\"article:modified_time\" content=\"2025-03-28T17:50:40+00:00\" \/>\n<meta property=\"og:image\" content=\"https:\/\/www.cosevane.com\/wp-content\/uploads\/2025\/03\/Passiflora.jpg\" \/>\n\t<meta property=\"og:image:width\" content=\"2048\" \/>\n\t<meta property=\"og:image:height\" content=\"2048\" \/>\n\t<meta property=\"og:image:type\" content=\"image\/jpeg\" \/>\n<meta name=\"twitter:card\" content=\"summary_large_image\" \/>\n<meta name=\"twitter:label1\" content=\"Est. reading time\" \/>\n\t<meta name=\"twitter:data1\" content=\"1 minute\" \/>\n<script type=\"application\/ld+json\" class=\"yoast-schema-graph\">{\"@context\":\"https:\/\/schema.org\",\"@graph\":[{\"@type\":\"WebPage\",\"@id\":\"https:\/\/www.cosevane.com\/en\/prodotto\/collana_cuore_passiflora\/\",\"url\":\"https:\/\/www.cosevane.com\/en\/prodotto\/collana_cuore_passiflora\/\",\"name\":\"Collana_cuore_passiflora - Cosevane\",\"isPartOf\":{\"@id\":\"https:\/\/www.cosevane.com\/en\/#website\"},\"primaryImageOfPage\":{\"@id\":\"https:\/\/www.cosevane.com\/en\/prodotto\/collana_cuore_passiflora\/#primaryimage\"},\"image\":{\"@id\":\"https:\/\/www.cosevane.com\/en\/prodotto\/collana_cuore_passiflora\/#primaryimage\"},\"thumbnailUrl\":\"https:\/\/www.cosevane.com\/wp-content\/uploads\/2025\/03\/Passiflora.jpg\",\"datePublished\":\"2025-03-28T17:11:33+00:00\",\"dateModified\":\"2025-03-28T17:50:40+00:00\",\"description\":\"Il ciondolo cuore illustrato con fiore di passiflora \u00e8 realizzato a mano in ottone e resina, pende da una lunga catena in acciaio placcato oro giallo.\",\"breadcrumb\":{\"@id\":\"https:\/\/www.cosevane.com\/en\/prodotto\/collana_cuore_passiflora\/#breadcrumb\"},\"inLanguage\":\"en-US\",\"potentialAction\":[{\"@type\":\"ReadAction\",\"target\":[\"https:\/\/www.cosevane.com\/en\/prodotto\/collana_cuore_passiflora\/\"]}]},{\"@type\":\"ImageObject\",\"inLanguage\":\"en-US\",\"@id\":\"https:\/\/www.cosevane.com\/en\/prodotto\/collana_cuore_passiflora\/#primaryimage\",\"url\":\"https:\/\/www.cosevane.com\/wp-content\/uploads\/2025\/03\/Passiflora.jpg\",\"contentUrl\":\"https:\/\/www.cosevane.com\/wp-content\/uploads\/2025\/03\/Passiflora.jpg\",\"width\":2048,\"height\":2048},{\"@type\":\"BreadcrumbList\",\"@id\":\"https:\/\/www.cosevane.com\/en\/prodotto\/collana_cuore_passiflora\/#breadcrumb\",\"itemListElement\":[{\"@type\":\"ListItem\",\"position\":1,\"name\":\"Home\",\"item\":\"https:\/\/www.cosevane.com\/en\/\"},{\"@type\":\"ListItem\",\"position\":2,\"name\":\"Shop\",\"item\":\"https:\/\/www.cosevane.com\/en\/shop\/\"},{\"@type\":\"ListItem\",\"position\":3,\"name\":\"Collana_cuore_passiflora\"}]},{\"@type\":\"WebSite\",\"@id\":\"https:\/\/www.cosevane.com\/en\/#website\",\"url\":\"https:\/\/www.cosevane.com\/en\/\",\"name\":\"Cosevane\",\"description\":\"\",\"publisher\":{\"@id\":\"https:\/\/www.cosevane.com\/en\/#organization\"},\"potentialAction\":[{\"@type\":\"SearchAction\",\"target\":{\"@type\":\"EntryPoint\",\"urlTemplate\":\"https:\/\/www.cosevane.com\/en\/?s={search_term_string}\"},\"query-input\":{\"@type\":\"PropertyValueSpecification\",\"valueRequired\":true,\"valueName\":\"search_term_string\"}}],\"inLanguage\":\"en-US\"},{\"@type\":\"Organization\",\"@id\":\"https:\/\/www.cosevane.com\/en\/#organization\",\"name\":\"Cosevane\",\"url\":\"https:\/\/www.cosevane.com\/en\/\",\"logo\":{\"@type\":\"ImageObject\",\"inLanguage\":\"en-US\",\"@id\":\"https:\/\/www.cosevane.com\/en\/#\/schema\/logo\/image\/\",\"url\":\"https:\/\/www.cosevane.com\/wp-content\/uploads\/2023\/07\/LogoNewCoseVane-1.png\",\"contentUrl\":\"https:\/\/www.cosevane.com\/wp-content\/uploads\/2023\/07\/LogoNewCoseVane-1.png\",\"width\":500,\"height\":201,\"caption\":\"Cosevane\"},\"image\":{\"@id\":\"https:\/\/www.cosevane.com\/en\/#\/schema\/logo\/image\/\"}}]}<\/script>\n<!-- \/ Yoast SEO plugin. -->","yoast_head_json":{"title":"Collana_cuore_passiflora - Cosevane","description":"Il ciondolo cuore illustrato con fiore di passiflora \u00e8 realizzato a mano in ottone e resina, pende da una lunga catena in acciaio placcato oro giallo.","robots":{"index":"index","follow":"follow","max-snippet":"max-snippet:-1","max-image-preview":"max-image-preview:large","max-video-preview":"max-video-preview:-1"},"canonical":"https:\/\/www.cosevane.com\/en\/prodotto\/collana_cuore_passiflora\/","og_locale":"en_US","og_type":"article","og_title":"Collana_cuore_passiflora - Cosevane","og_description":"Il ciondolo cuore illustrato con fiore di passiflora \u00e8 realizzato a mano in ottone e resina, pende da una lunga catena in acciaio placcato oro giallo.","og_url":"https:\/\/www.cosevane.com\/en\/prodotto\/collana_cuore_passiflora\/","og_site_name":"Cosevane","article_modified_time":"2025-03-28T17:50:40+00:00","og_image":[{"width":2048,"height":2048,"url":"https:\/\/www.cosevane.com\/wp-content\/uploads\/2025\/03\/Passiflora.jpg","type":"image\/jpeg"}],"twitter_card":"summary_large_image","twitter_misc":{"Est. reading time":"1 minute"},"schema":{"@context":"https:\/\/schema.org","@graph":[{"@type":"WebPage","@id":"https:\/\/www.cosevane.com\/en\/prodotto\/collana_cuore_passiflora\/","url":"https:\/\/www.cosevane.com\/en\/prodotto\/collana_cuore_passiflora\/","name":"Collana_cuore_passiflora - Cosevane","isPartOf":{"@id":"https:\/\/www.cosevane.com\/en\/#website"},"primaryImageOfPage":{"@id":"https:\/\/www.cosevane.com\/en\/prodotto\/collana_cuore_passiflora\/#primaryimage"},"image":{"@id":"https:\/\/www.cosevane.com\/en\/prodotto\/collana_cuore_passiflora\/#primaryimage"},"thumbnailUrl":"https:\/\/www.cosevane.com\/wp-content\/uploads\/2025\/03\/Passiflora.jpg","datePublished":"2025-03-28T17:11:33+00:00","dateModified":"2025-03-28T17:50:40+00:00","description":"Il ciondolo cuore illustrato con fiore di passiflora \u00e8 realizzato a mano in ottone e resina, pende da una lunga catena in acciaio placcato oro giallo.","breadcrumb":{"@id":"https:\/\/www.cosevane.com\/en\/prodotto\/collana_cuore_passiflora\/#breadcrumb"},"inLanguage":"en-US","potentialAction":[{"@type":"ReadAction","target":["https:\/\/www.cosevane.com\/en\/prodotto\/collana_cuore_passiflora\/"]}]},{"@type":"ImageObject","inLanguage":"en-US","@id":"https:\/\/www.cosevane.com\/en\/prodotto\/collana_cuore_passiflora\/#primaryimage","url":"https:\/\/www.cosevane.com\/wp-content\/uploads\/2025\/03\/Passiflora.jpg","contentUrl":"https:\/\/www.cosevane.com\/wp-content\/uploads\/2025\/03\/Passiflora.jpg","width":2048,"height":2048},{"@type":"BreadcrumbList","@id":"https:\/\/www.cosevane.com\/en\/prodotto\/collana_cuore_passiflora\/#breadcrumb","itemListElement":[{"@type":"ListItem","position":1,"name":"Home","item":"https:\/\/www.cosevane.com\/en\/"},{"@type":"ListItem","position":2,"name":"Shop","item":"https:\/\/www.cosevane.com\/en\/shop\/"},{"@type":"ListItem","position":3,"name":"Collana_cuore_passiflora"}]},{"@type":"WebSite","@id":"https:\/\/www.cosevane.com\/en\/#website","url":"https:\/\/www.cosevane.com\/en\/","name":"Cosevane","description":"","publisher":{"@id":"https:\/\/www.cosevane.com\/en\/#organization"},"potentialAction":[{"@type":"SearchAction","target":{"@type":"EntryPoint","urlTemplate":"https:\/\/www.cosevane.com\/en\/?s={search_term_string}"},"query-input":{"@type":"PropertyValueSpecification","valueRequired":true,"valueName":"search_term_string"}}],"inLanguage":"en-US"},{"@type":"Organization","@id":"https:\/\/www.cosevane.com\/en\/#organization","name":"Cosevane","url":"https:\/\/www.cosevane.com\/en\/","logo":{"@type":"ImageObject","inLanguage":"en-US","@id":"https:\/\/www.cosevane.com\/en\/#\/schema\/logo\/image\/","url":"https:\/\/www.cosevane.com\/wp-content\/uploads\/2023\/07\/LogoNewCoseVane-1.png","contentUrl":"https:\/\/www.cosevane.com\/wp-content\/uploads\/2023\/07\/LogoNewCoseVane-1.png","width":500,"height":201,"caption":"Cosevane"},"image":{"@id":"https:\/\/www.cosevane.com\/en\/#\/schema\/logo\/image\/"}}]}},"_links":{"self":[{"href":"https:\/\/www.cosevane.com\/en\/wp-json\/wp\/v2\/product\/5318","targetHints":{"allow":["GET"]}}],"collection":[{"href":"https:\/\/www.cosevane.com\/en\/wp-json\/wp\/v2\/product"}],"about":[{"href":"https:\/\/www.cosevane.com\/en\/wp-json\/wp\/v2\/types\/product"}],"replies":[{"embeddable":true,"href":"https:\/\/www.cosevane.com\/en\/wp-json\/wp\/v2\/comments?post=5318"}],"wp:featuredmedia":[{"embeddable":true,"href":"https:\/\/www.cosevane.com\/en\/wp-json\/wp\/v2\/media\/5319"}],"wp:attachment":[{"href":"https:\/\/www.cosevane.com\/en\/wp-json\/wp\/v2\/media?parent=5318"}],"wp:term":[{"taxonomy":"product_brand","embeddable":true,"href":"https:\/\/www.cosevane.com\/en\/wp-json\/wp\/v2\/product_brand?post=5318"},{"taxonomy":"product_cat","embeddable":true,"href":"https:\/\/www.cosevane.com\/en\/wp-json\/wp\/v2\/product_cat?post=5318"},{"taxonomy":"product_tag","embeddable":true,"href":"https:\/\/www.cosevane.com\/en\/wp-json\/wp\/v2\/product_tag?post=5318"}],"curies":[{"name":"wp","href":"https:\/\/api.w.org\/{rel}","templated":true}]}}